{"id":541,"date":"2013-06-27T15:38:56","date_gmt":"2013-06-27T14:38:56","guid":{"rendered":"https:\/\/montpellier-cancer.com\/organisation-gouvernance\/"},"modified":"2024-10-22T13:18:50","modified_gmt":"2024-10-22T12:18:50","slug":"organisation-gouvernance","status":"publish","type":"page","link":"https:\/\/montpellier-cancer.com\/en\/le-siric\/organisation-gouvernance\/","title":{"rendered":"Organisation &#038; Governance"},"content":{"rendered":"\n<p><\/p>\n\n\n<div class=\"py-8 md:py-16 wp-block-equipe\">\n      <h2 class=\"font-bold mb-8 mb:mb-16\">Management team<\/h2>\n    \n      <div class=\"grid grid-cols-12 gap-6 md:gap-8\">\n                        <div class=\"col-span-12 sm:col-span-6 md:col-span-2 lg:col-span-2\">\n            <div class=\"shadow-lg h-full\">\n\n                              <div class=\"aspect-square w-full relative\">\n                  <img loading=\"lazy\" decoding=\"async\" width=\"1024\" height=\"1024\" src=\"https:\/\/montpellier-cancer.com\/wp-content\/uploads\/David-Azria-VF-1024x1024.jpg\" class=\"absolute w-full h-full object-cover wp-post-image\" alt=\"\" srcset=\"https:\/\/montpellier-cancer.com\/wp-content\/uploads\/David-Azria-VF-1024x1024.jpg 1024w, https:\/\/montpellier-cancer.com\/wp-content\/uploads\/David-Azria-VF-150x150.jpg 150w, https:\/\/montpellier-cancer.com\/wp-content\/uploads\/David-Azria-VF-300x300.jpg 300w, https:\/\/montpellier-cancer.com\/wp-content\/uploads\/David-Azria-VF-600x600.jpg 600w\" sizes=\"(max-width: 1024px) 100vw, 1024px\" \/>\n                <\/div>\n              \n              <div class=\"p-3\">\n                <div class=\"font-bold text-blue-dark\">Pr David AZRIA<\/div>\n                <p>Director<\/p>\n              <\/div>\n            <\/div>\n          <\/div>\n                                <div class=\"col-span-12 sm:col-span-6 md:col-span-2 lg:col-span-2\">\n            <div class=\"shadow-lg h-full\">\n\n                              <div class=\"aspect-square w-full relative\">\n                  <img loading=\"lazy\" decoding=\"async\" width=\"578\" height=\"799\" src=\"https:\/\/montpellier-cancer.com\/wp-content\/uploads\/Nathalie-Bonnefoy.jpg\" class=\"absolute w-full h-full object-cover wp-post-image\" alt=\"\" srcset=\"https:\/\/montpellier-cancer.com\/wp-content\/uploads\/Nathalie-Bonnefoy.jpg 578w, https:\/\/montpellier-cancer.com\/wp-content\/uploads\/Nathalie-Bonnefoy-217x300.jpg 217w\" sizes=\"(max-width: 578px) 100vw, 578px\" \/>\n                <\/div>\n              \n              <div class=\"p-3\">\n                <div class=\"font-bold text-blue-dark\">Dr Nathalie BONNEFOY<\/div>\n                <p>Scientific Director<\/p>\n              <\/div>\n            <\/div>\n          <\/div>\n                                <div class=\"col-span-12 sm:col-span-6 md:col-span-2 lg:col-span-2\">\n            <div class=\"shadow-lg h-full\">\n\n                              <div class=\"aspect-square w-full relative\">\n                  <img loading=\"lazy\" decoding=\"async\" width=\"150\" height=\"150\" src=\"https:\/\/montpellier-cancer.com\/wp-content\/uploads\/VG-site-150x150-1.jpg\" class=\"absolute w-full h-full object-cover wp-post-image\" alt=\"\" \/>\n                <\/div>\n              \n              <div class=\"p-3\">\n                <div class=\"font-bold text-blue-dark\">Vanessa GUILLAUMON<\/div>\n                <p>General Manager<\/p>\n              <\/div>\n            <\/div>\n          <\/div>\n                                <div class=\"col-span-12 sm:col-span-6 md:col-span-2 lg:col-span-2\">\n            <div class=\"shadow-lg h-full\">\n\n                            <div class=\"aspect-square w-full relative bg-gray-200\"><\/div>\n\n              \n              <div class=\"p-3\">\n                <div class=\"font-bold text-blue-dark\"><\/div>\n                <p>Project coordination Manager<\/p>\n              <\/div>\n            <\/div>\n          <\/div>\n                                <div class=\"col-span-12 sm:col-span-6 md:col-span-2 lg:col-span-2\">\n            <div class=\"shadow-lg h-full\">\n\n                              <div class=\"aspect-square w-full relative\">\n                  <img loading=\"lazy\" decoding=\"async\" width=\"357\" height=\"431\" src=\"https:\/\/montpellier-cancer.com\/wp-content\/uploads\/Aurore-Marquis.png\" class=\"absolute w-full h-full object-cover wp-post-image\" alt=\"\" srcset=\"https:\/\/montpellier-cancer.com\/wp-content\/uploads\/Aurore-Marquis.png 357w, https:\/\/montpellier-cancer.com\/wp-content\/uploads\/Aurore-Marquis-248x300.png 248w\" sizes=\"(max-width: 357px) 100vw, 357px\" \/>\n                <\/div>\n              \n              <div class=\"p-3\">\n                <div class=\"font-bold text-blue-dark\">Aurore MARQUIS<\/div>\n                <p>Assistant<\/p>\n              <\/div>\n            <\/div>\n          <\/div>\n                  <\/div>\n  <\/div>\n\n\n<div class=\"wp-block-rte  mb-4 md:mb-8  bg-white p-3 md:p-6\">\n                        <div class=\"flex flex-col md:flex-row flex-wrap gap-2 md:gap-3 lg:gap-8\">\n          <div class=\"w-full\">\n            <div class=\"max-w-none prose \"><p style=\"text-align: justify;\">The SIRIC Montpellier Cancer is a consortium bringing together the Montpellier Cancer Institute, the Montpellier University Hospital, the Inserm and CNRS Regional Delegations, the University of Montpellier and the Paul-Val\u00e9ry Montpellier 3 University.<\/p>\n<\/div>\n          <\/div>\n        <\/div>\n          <\/div>\n\n\n<div class=\"wp-block-faq my-8 bg-white p-6\">\n         <div class=\" rounded-lg py-8  section-faqs\">\n      \n              <div class=\"text-center mb-8\">\n          <h2 class=\"font-bold text-blue-medium\">Steering Committees<\/h2>\n        <\/div>\n            \n        <div  x-data=\"{ active: -1 }\"  class=\"mx-auto max-w-3xl min-h-[16rem] space-y-4\">\n                      <div  x-data=\"{\n                id: 0,\n                get expanded() {\n                    return this.active === this.id\n                },\n                set expanded(value) {\n                    this.active = value ? this.id : null\n                },\n            }\"  role=\"region\" class=\"rounded-lg bg-white\/10 shadow\">\n                <h3 class=\"text-blue-medium\">\n                    <button\n                        x-on:click=\"expanded = !expanded\"\n                        :aria-expanded=\"expanded\"\n                        class=\"flex w-full items-center justify-between px-6 py-4 text-xl font-bold\"\n                    >\n                        <div class=\"text-left\">Management Board<\/div>\n                        <span x-show=\"expanded\" aria-hidden=\"true\" class=\"ml-4\">&minus;<\/span>\n                        <span x-show=\"!expanded\" aria-hidden=\"true\" class=\"ml-4\">&plus;<\/span>\n                    <\/button>\n                <\/h3>\n\n                <div x-show=\"expanded\" x-collapse>\n                    <div class=\"px-6 pb-4  prose \">\n                      <p style=\"text-align: justify;\">The <strong>role of the Management Board<\/strong> is to approve the general policy of the SIRIC and to control its effective functioning. It is composed of representatives of the SIRIC partner institutions and associated organisations.<\/p>\n<p><strong><u>Representatives of the institutions forming the SIRIC consortium<\/u><\/strong><\/p>\n<ul>\n<li><strong>Sylvain BOURGOIN<\/strong>, Regional Delegate, Occitanie M\u00e9diterran\u00e9e, Inserm<\/li>\n<li><strong>Anne FERRER<\/strong>, Director General, CHU de Montpellier<\/li>\n<li><strong>Sarah HATCHUEL<\/strong>, Vice-President of the Scientific Advisory Board, Universit\u00e9 Paul Val\u00e9ry Montpellier 3<\/li>\n<li><strong>Jacques MERCIER<\/strong>, Vice-President of the Scientific Advisory Board, University of Montpellier<\/li>\n<li><strong>Nathalie VIENNE \u2013 GUERRIN<\/strong>, Vice-President of the Scientific Advisory Board, responsible for relations with research organisations, Universit\u00e9 Paul Val\u00e9ry Montpellier 3<\/li>\n<li><strong>J\u00e9r\u00f4me VITRE<\/strong>, Regional Delegate, CNRS<\/li>\n<li><strong>Marc YCHOU<\/strong>, Director General, ICM<\/li>\n<\/ul>\n<p><strong><u>Representatives of associated organisations<\/u><\/strong><\/p>\n<ul>\n<li><strong>Jean-Bernard DUBOIS<\/strong>, Representative of the Ligue contre le Cancer (Cancer League)<\/li>\n<li><strong>Claire GATECEL<\/strong>, Regional Advisor, Occitanie Pyr\u00e9n\u00e9es-M\u00e9diterran\u00e9e Region<\/li>\n<li><strong>Nadine HOUEDE<\/strong>, Director, Canc\u00e9rop\u00f4le Grand Sud-Ouest<\/li>\n<li><strong>Didier JAFFRE<\/strong>, Director General, ARS Occitanie<\/li>\n<li><strong>Eric VACARESSE<\/strong>, President, Eurobiomed cluster<\/li>\n<\/ul>\n\n                    <\/div>\n                <\/div>\n            <\/div>\n                      <div  x-data=\"{\n                id: 1,\n                get expanded() {\n                    return this.active === this.id\n                },\n                set expanded(value) {\n                    this.active = value ? this.id : null\n                },\n            }\"  role=\"region\" class=\"rounded-lg bg-white\/10 shadow\">\n                <h3 class=\"text-blue-medium\">\n                    <button\n                        x-on:click=\"expanded = !expanded\"\n                        :aria-expanded=\"expanded\"\n                        class=\"flex w-full items-center justify-between px-6 py-4 text-xl font-bold\"\n                    >\n                        <div class=\"text-left\">Scientific Steering Committee<\/div>\n                        <span x-show=\"expanded\" aria-hidden=\"true\" class=\"ml-4\">&minus;<\/span>\n                        <span x-show=\"!expanded\" aria-hidden=\"true\" class=\"ml-4\">&plus;<\/span>\n                    <\/button>\n                <\/h3>\n\n                <div x-show=\"expanded\" x-collapse>\n                    <div class=\"px-6 pb-4  prose \">\n                      <p style=\"text-align: justify;\">The role of the <strong>Scientific Steering Committee<\/strong> is to assist the Director in defining and implementing the SIRIC&#8217;s scientific policy. The Committee is consulted by the Director on all matters relating to the organisation of research programmes and the management of resources.<\/p>\n<p><strong><u>The members of this committee are:<u><\/u><\/u><\/strong><\/p>\n<ul>\n<li><strong>Eric ASSENAT<\/strong>, Representative of the CHU-Montpellier Cancer Federation<\/li>\n<li><strong>David AZRIA<\/strong>, Director of the SIRIC Montpellier Cancer, Chairman of the Scientific Steering Committee<\/li>\n<li><strong>Nathalie BONNEFOY<\/strong>, Scientific Director of the SIRIC Montpellier Cancer<\/li>\n<li><strong>Guillaume CARTRON<\/strong>, Representative of the FHU EVOCAN-2<\/li>\n<li><strong>Florence COUSSON-GELIE<\/strong>, Scientific Manger Programme (IRP-2) PANACEA<\/li>\n<li><strong>Vanessa GUILLAUMON<\/strong>, General Manager of the SIRIC Montpellier Cancer<\/li>\n<li><strong>William JACOT<\/strong>, Scientific Director ICM<\/li>\n<li><strong>Philippe JAY<\/strong>, Representative of IGF<\/li>\n<li><strong>Laurent LE CAM<\/strong>, Scientific Manager Programme (IRP-3) ENERGY<\/li>\n<li><strong>Domenico MAIORANO<\/strong>, Representative of IGH<\/li>\n<li><strong>Aurore MARQUIS<\/strong>, Assistant, SIRIC Montpellier Cancer<\/li>\n<li><strong>Gregory NINOT<\/strong>, Representative of IDESP<\/li>\n<li><strong>St\u00e9phanie NOUGARET<\/strong>, Scientific Manager Programme (IRP-1) PRIORITY<\/li>\n<li><strong>St\u00e9phane PAGANO<\/strong>, Representative of LMGC<\/li>\n<li><strong>Jean-Pierre POUGET<\/strong>, Scientific Manager Programme (IRP-1) PRIORITY<\/li>\n<li><strong>Val\u00e9rie RIGAU<\/strong>, Scientific Manager Programme (IRP-3) ENERGY<\/li>\n<li><strong>Eric RIVALS<\/strong>, Representative of LIRMM<\/li>\n<li><strong>Cyril SARRAUSTE DE MENTHIERE<\/strong>, Patient partner<\/li>\n<li><strong>Etienne SCHWOB<\/strong>, Representative of IGMM<\/li>\n<li><strong>Pierre SENESSE<\/strong>, Scientific Manger Programme (IRP-2) PANACEA<\/li>\n<li><strong>Marc YCHOU<\/strong>, General Director ICM<\/li>\n<\/ul>\n\n                    <\/div>\n                <\/div>\n            <\/div>\n                      <div  x-data=\"{\n                id: 2,\n                get expanded() {\n                    return this.active === this.id\n                },\n                set expanded(value) {\n                    this.active = value ? this.id : null\n                },\n            }\"  role=\"region\" class=\"rounded-lg bg-white\/10 shadow\">\n                <h3 class=\"text-blue-medium\">\n                    <button\n                        x-on:click=\"expanded = !expanded\"\n                        :aria-expanded=\"expanded\"\n                        class=\"flex w-full items-center justify-between px-6 py-4 text-xl font-bold\"\n                    >\n                        <div class=\"text-left\">Programme Coordination Committees<\/div>\n                        <span x-show=\"expanded\" aria-hidden=\"true\" class=\"ml-4\">&minus;<\/span>\n                        <span x-show=\"!expanded\" aria-hidden=\"true\" class=\"ml-4\">&plus;<\/span>\n                    <\/button>\n                <\/h3>\n\n                <div x-show=\"expanded\" x-collapse>\n                    <div class=\"px-6 pb-4  prose \">\n                      <p style=\"text-align: justify;\"><strong>Each research programme is led by a clinician and a researcher<\/strong>, working in partnership to define the strategic guidelines of the programme. To develop its strategy, leaders rely on a <strong>Coordinating Committee<\/strong>, which participates in the organisation of scientific work and ensures the implementation of programme objectives.<\/p>\n\n                    <\/div>\n                <\/div>\n            <\/div>\n                      <div  x-data=\"{\n                id: 3,\n                get expanded() {\n                    return this.active === this.id\n                },\n                set expanded(value) {\n                    this.active = value ? this.id : null\n                },\n            }\"  role=\"region\" class=\"rounded-lg bg-white\/10 shadow\">\n                <h3 class=\"text-blue-medium\">\n                    <button\n                        x-on:click=\"expanded = !expanded\"\n                        :aria-expanded=\"expanded\"\n                        class=\"flex w-full items-center justify-between px-6 py-4 text-xl font-bold\"\n                    >\n                        <div class=\"text-left\">Patient Partners Committee<\/div>\n                        <span x-show=\"expanded\" aria-hidden=\"true\" class=\"ml-4\">&minus;<\/span>\n                        <span x-show=\"!expanded\" aria-hidden=\"true\" class=\"ml-4\">&plus;<\/span>\n                    <\/button>\n                <\/h3>\n\n                <div x-show=\"expanded\" x-collapse>\n                    <div class=\"px-6 pb-4  prose \">\n                      <p style=\"text-align: justify;\">The <strong>Patient Partners Committee<\/strong> is made up of patients and user representatives with complementary profiles, associating both qualified and volunteers members. The role of this committee is to develop and monitor the health democracy policy within the SIRIC, but also to promote collaboration with regional, national and European health democracy networks.<\/p>\n\n                    <\/div>\n                <\/div>\n            <\/div>\n                      <div  x-data=\"{\n                id: 4,\n                get expanded() {\n                    return this.active === this.id\n                },\n                set expanded(value) {\n                    this.active = value ? this.id : null\n                },\n            }\"  role=\"region\" class=\"rounded-lg bg-white\/10 shadow\">\n                <h3 class=\"text-blue-medium\">\n                    <button\n                        x-on:click=\"expanded = !expanded\"\n                        :aria-expanded=\"expanded\"\n                        class=\"flex w-full items-center justify-between px-6 py-4 text-xl font-bold\"\n                    >\n                        <div class=\"text-left\">International Advisory Committee<\/div>\n                        <span x-show=\"expanded\" aria-hidden=\"true\" class=\"ml-4\">&minus;<\/span>\n                        <span x-show=\"!expanded\" aria-hidden=\"true\" class=\"ml-4\">&plus;<\/span>\n                    <\/button>\n                <\/h3>\n\n                <div x-show=\"expanded\" x-collapse>\n                    <div class=\"px-6 pb-4  prose \">\n                      <p style=\"text-align: justify;\">An <strong>International Advisory Committee<\/strong> of scientific experts renowned in SIRIC&#8217;s research areas, is consulted to make recommendations on the scientific orientations of the research programmes.<\/p>\n<p><strong><u>The members of this committee are<\/u><u>:<\/u><\/strong><\/p>\n<ul>\n<li><strong>Vickie BARACOS<\/strong>, University of Alberta, Canada, Professor in the Department of Oncology, Palliative Care Medicine<\/li>\n<li><strong>Christian FREZZA<\/strong>, University of Cologne, Germany, Professor of Metabolomics of Ageing<\/li>\n<li><strong>Marie JOHNSTON<\/strong>, University of Aberdeen, England, Emeritus Professor of Health Psychology<\/li>\n<li><strong>Florian LORDICK<\/strong>, University of Leipzig Cancer Centre, Germany, Director of the Department of Medicine<\/li>\n<li><strong>Esat Mahmut \u00d6ZSAHIN<\/strong>, Univesity Hospital of Vaudois, Switzerland, Professor of Radiation Oncology<\/li>\n<li><strong>Kevin PRISE<\/strong>, Cancer and Cell Biology Research Centre, Queen&#8217;s University, Belfast, Ireland, Professor of Radiation Biology<\/li>\n<li><strong>Hebert Alberto VARGAS<\/strong>, Department of Body Imaging, Memorial Sloan Kettering Cancer Center, New York, USA, Professor of Medical Imaging<\/li>\n<li>Mariia YUNEVA, Oncogenes and Tumour Metabolism Laboratory, Francis Crick Institute, London, UK, Programme Leader<\/li>\n<\/ul>\n\n                    <\/div>\n                <\/div>\n            <\/div>\n                  <\/div>\n          <\/div>\n    <\/div>\n\n\n<div class=\"wp-block-faq my-8 bg-white p-6\">\n         <div class=\" rounded-lg py-8  section-faqs\">\n      \n                <\/div>\n    <\/div>\n","protected":false},"excerpt":{"rendered":"","protected":false},"author":1,"featured_media":0,"parent":545,"menu_order":20,"comment_status":"open","ping_status":"closed","template":"","meta":{"inline_featured_image":false,"footnotes":""},"acf":[],"yoast_head":"<!-- This site is optimized with the Yoast SEO plugin v21.8 - https:\/\/yoast.com\/wordpress\/plugins\/seo\/ -->\n<title>management, gouvernance, conseil de gestion, conseil scientifique de pilotage, programme de recherche, propositions d\u2019actions en mati\u00e8re de partenariats et relations internationales, de valorisation, de communication et de formation<\/title>\n<meta name=\"robots\" content=\"index, follow, max-snippet:-1, max-image-preview:large, max-video-preview:-1\" \/>\n<link rel=\"canonical\" href=\"https:\/\/montpellier-cancer.com\/en\/le-siric\/organisation-gouvernance\/\" \/>\n<meta property=\"og:locale\" content=\"en_US\" \/>\n<meta property=\"og:type\" content=\"article\" \/>\n<meta property=\"og:title\" content=\"management, gouvernance, conseil de gestion, conseil scientifique de pilotage, programme de recherche, propositions d\u2019actions en mati\u00e8re de partenariats et relations internationales, de valorisation, de communication et de formation\" \/>\n<meta property=\"og:url\" content=\"https:\/\/montpellier-cancer.com\/en\/le-siric\/organisation-gouvernance\/\" \/>\n<meta property=\"og:site_name\" content=\"SIRIC\" \/>\n<meta property=\"article:modified_time\" content=\"2024-10-22T12:18:50+00:00\" \/>\n<script type=\"application\/ld+json\" class=\"yoast-schema-graph\">{\"@context\":\"https:\/\/schema.org\",\"@graph\":[{\"@type\":\"WebPage\",\"@id\":\"https:\/\/montpellier-cancer.com\/en\/le-siric\/organisation-gouvernance\/\",\"url\":\"https:\/\/montpellier-cancer.com\/en\/le-siric\/organisation-gouvernance\/\",\"name\":\"management, gouvernance, conseil de gestion, conseil scientifique de pilotage, programme de recherche, propositions d\u2019actions en mati\u00e8re de partenariats et relations internationales, de valorisation, de communication et de formation\",\"isPartOf\":{\"@id\":\"https:\/\/montpellier-cancer.com\/#website\"},\"datePublished\":\"2013-06-27T14:38:56+00:00\",\"dateModified\":\"2024-10-22T12:18:50+00:00\",\"breadcrumb\":{\"@id\":\"https:\/\/montpellier-cancer.com\/en\/le-siric\/organisation-gouvernance\/#breadcrumb\"},\"inLanguage\":\"en-US\",\"potentialAction\":[{\"@type\":\"ReadAction\",\"target\":[\"https:\/\/montpellier-cancer.com\/en\/le-siric\/organisation-gouvernance\/\"]}]},{\"@type\":\"BreadcrumbList\",\"@id\":\"https:\/\/montpellier-cancer.com\/en\/le-siric\/organisation-gouvernance\/#breadcrumb\",\"itemListElement\":[{\"@type\":\"ListItem\",\"position\":1,\"name\":\"Home\",\"item\":\"https:\/\/montpellier-cancer.com\/en\/home\/\"},{\"@type\":\"ListItem\",\"position\":2,\"name\":\"SIRIC\",\"item\":\"https:\/\/montpellier-cancer.com\/en\/le-siric\/\"},{\"@type\":\"ListItem\",\"position\":3,\"name\":\"Organisation &#038; Governance\"}]},{\"@type\":\"WebSite\",\"@id\":\"https:\/\/montpellier-cancer.com\/#website\",\"url\":\"https:\/\/montpellier-cancer.com\/\",\"name\":\"SIRIC\",\"description\":\"\",\"publisher\":{\"@id\":\"https:\/\/montpellier-cancer.com\/#organization\"},\"potentialAction\":[{\"@type\":\"SearchAction\",\"target\":{\"@type\":\"EntryPoint\",\"urlTemplate\":\"https:\/\/montpellier-cancer.com\/?s={search_term_string}\"},\"query-input\":\"required name=search_term_string\"}],\"inLanguage\":\"en-US\"},{\"@type\":\"Organization\",\"@id\":\"https:\/\/montpellier-cancer.com\/#organization\",\"name\":\"SIRIC\",\"url\":\"https:\/\/montpellier-cancer.com\/\",\"logo\":{\"@type\":\"ImageObject\",\"inLanguage\":\"en-US\",\"@id\":\"https:\/\/montpellier-cancer.com\/#\/schema\/logo\/image\/\",\"url\":\"https:\/\/montpellier-cancer.com\/wp-content\/uploads\/cropped-SIRIC-montpellier-cancer-logotype-2023-FOND-TRANSPARENT.png\",\"contentUrl\":\"https:\/\/montpellier-cancer.com\/wp-content\/uploads\/cropped-SIRIC-montpellier-cancer-logotype-2023-FOND-TRANSPARENT.png\",\"width\":946,\"height\":970,\"caption\":\"SIRIC\"},\"image\":{\"@id\":\"https:\/\/montpellier-cancer.com\/#\/schema\/logo\/image\/\"}}]}<\/script>\n<!-- \/ Yoast SEO plugin. -->","yoast_head_json":{"title":"management, gouvernance, conseil de gestion, conseil scientifique de pilotage, programme de recherche, propositions d\u2019actions en mati\u00e8re de partenariats et relations internationales, de valorisation, de communication et de formation","robots":{"index":"index","follow":"follow","max-snippet":"max-snippet:-1","max-image-preview":"max-image-preview:large","max-video-preview":"max-video-preview:-1"},"canonical":"https:\/\/montpellier-cancer.com\/en\/le-siric\/organisation-gouvernance\/","og_locale":"en_US","og_type":"article","og_title":"management, gouvernance, conseil de gestion, conseil scientifique de pilotage, programme de recherche, propositions d\u2019actions en mati\u00e8re de partenariats et relations internationales, de valorisation, de communication et de formation","og_url":"https:\/\/montpellier-cancer.com\/en\/le-siric\/organisation-gouvernance\/","og_site_name":"SIRIC","article_modified_time":"2024-10-22T12:18:50+00:00","schema":{"@context":"https:\/\/schema.org","@graph":[{"@type":"WebPage","@id":"https:\/\/montpellier-cancer.com\/en\/le-siric\/organisation-gouvernance\/","url":"https:\/\/montpellier-cancer.com\/en\/le-siric\/organisation-gouvernance\/","name":"management, gouvernance, conseil de gestion, conseil scientifique de pilotage, programme de recherche, propositions d\u2019actions en mati\u00e8re de partenariats et relations internationales, de valorisation, de communication et de formation","isPartOf":{"@id":"https:\/\/montpellier-cancer.com\/#website"},"datePublished":"2013-06-27T14:38:56+00:00","dateModified":"2024-10-22T12:18:50+00:00","breadcrumb":{"@id":"https:\/\/montpellier-cancer.com\/en\/le-siric\/organisation-gouvernance\/#breadcrumb"},"inLanguage":"en-US","potentialAction":[{"@type":"ReadAction","target":["https:\/\/montpellier-cancer.com\/en\/le-siric\/organisation-gouvernance\/"]}]},{"@type":"BreadcrumbList","@id":"https:\/\/montpellier-cancer.com\/en\/le-siric\/organisation-gouvernance\/#breadcrumb","itemListElement":[{"@type":"ListItem","position":1,"name":"Home","item":"https:\/\/montpellier-cancer.com\/en\/home\/"},{"@type":"ListItem","position":2,"name":"SIRIC","item":"https:\/\/montpellier-cancer.com\/en\/le-siric\/"},{"@type":"ListItem","position":3,"name":"Organisation &#038; Governance"}]},{"@type":"WebSite","@id":"https:\/\/montpellier-cancer.com\/#website","url":"https:\/\/montpellier-cancer.com\/","name":"SIRIC","description":"","publisher":{"@id":"https:\/\/montpellier-cancer.com\/#organization"},"potentialAction":[{"@type":"SearchAction","target":{"@type":"EntryPoint","urlTemplate":"https:\/\/montpellier-cancer.com\/?s={search_term_string}"},"query-input":"required name=search_term_string"}],"inLanguage":"en-US"},{"@type":"Organization","@id":"https:\/\/montpellier-cancer.com\/#organization","name":"SIRIC","url":"https:\/\/montpellier-cancer.com\/","logo":{"@type":"ImageObject","inLanguage":"en-US","@id":"https:\/\/montpellier-cancer.com\/#\/schema\/logo\/image\/","url":"https:\/\/montpellier-cancer.com\/wp-content\/uploads\/cropped-SIRIC-montpellier-cancer-logotype-2023-FOND-TRANSPARENT.png","contentUrl":"https:\/\/montpellier-cancer.com\/wp-content\/uploads\/cropped-SIRIC-montpellier-cancer-logotype-2023-FOND-TRANSPARENT.png","width":946,"height":970,"caption":"SIRIC"},"image":{"@id":"https:\/\/montpellier-cancer.com\/#\/schema\/logo\/image\/"}}]}},"_links":{"self":[{"href":"https:\/\/montpellier-cancer.com\/en\/wp-json\/wp\/v2\/pages\/541"}],"collection":[{"href":"https:\/\/montpellier-cancer.com\/en\/wp-json\/wp\/v2\/pages"}],"about":[{"href":"https:\/\/montpellier-cancer.com\/en\/wp-json\/wp\/v2\/types\/page"}],"author":[{"embeddable":true,"href":"https:\/\/montpellier-cancer.com\/en\/wp-json\/wp\/v2\/users\/1"}],"replies":[{"embeddable":true,"href":"https:\/\/montpellier-cancer.com\/en\/wp-json\/wp\/v2\/comments?post=541"}],"version-history":[{"count":33,"href":"https:\/\/montpellier-cancer.com\/en\/wp-json\/wp\/v2\/pages\/541\/revisions"}],"predecessor-version":[{"id":24656,"href":"https:\/\/montpellier-cancer.com\/en\/wp-json\/wp\/v2\/pages\/541\/revisions\/24656"}],"up":[{"embeddable":true,"href":"https:\/\/montpellier-cancer.com\/en\/wp-json\/wp\/v2\/pages\/545"}],"wp:attachment":[{"href":"https:\/\/montpellier-cancer.com\/en\/wp-json\/wp\/v2\/media?parent=541"}],"curies":[{"name":"wp","href":"https:\/\/api.w.org\/{rel}","templated":true}]}}