{"id":478,"date":"2013-07-04T14:51:37","date_gmt":"2013-07-04T13:51:37","guid":{"rendered":"https:\/\/montpellier-cancer.com\/international-partenariat\/poles-de-competences\/"},"modified":"2023-11-23T17:49:41","modified_gmt":"2023-11-23T16:49:41","slug":"partenaires","status":"publish","type":"page","link":"https:\/\/montpellier-cancer.com\/en\/le-siric\/partenaires\/","title":{"rendered":"Partnerships"},"content":{"rendered":"<div class=\" wp-block-partnership-card\">\n  <div class=\"mb-16\">\n    <div class=\"bg-gray p-8\">\n      <div class=\"flex justify-between\">\n        <h2 class=\"mt-0 mb-4\">University Hospital Federation &#8211; FHU EVOCAN<\/h2>\n      <\/div>\n      <div class=\"flex flex-wrap\">\n                  <div class=\"w-1\/4\">\n            <img loading=\"lazy\" decoding=\"async\" width=\"692\" height=\"195\" src=\"https:\/\/montpellier-cancer.com\/wp-content\/uploads\/logo_evocan2.png\" class=\"w-32 md:w-full h-auto\" alt=\"\" srcset=\"https:\/\/montpellier-cancer.com\/wp-content\/uploads\/logo_evocan2.png 692w, https:\/\/montpellier-cancer.com\/wp-content\/uploads\/logo_evocan2-300x85.png 300w\" sizes=\"(max-width: 692px) 100vw, 692px\" \/>\n          <\/div>\n                <div class=\" w-3\/4 px-8 \">\n          <div class=\"prose max-w-none\">\n            <p style=\"text-align: justify;\">The University Hospital Federation FHU-EVOCAN is one of 3 FHUs to be accredited in January 2023 for the second time, following the launch of a call for tenders by the Montpellier and N\u00eemes University Hospitals , the University of Montpellier and AVIESAN, and an assessment of its application by a committee of national experts.<\/p>\n<p style=\"text-align: justify;\">The aim of the FHU is to bring together clinicians and researchers around strong common themes in order to advance research and improve patient care.<\/p>\n<p style=\"text-align: justify;\">The main aim of the FHU EVOCAN is to support joint projects between hospitals, universities and research bodies in the field of oncology, and to strengthen their collaboration around a medical theme that promises ground-breaking innovation: immunotherapy for cancer.<\/p>\n\n          <\/div>\n\n                      <div class=\"not-prose flex gap-6 flex-wrap\">\n                                      <\/div>\n\n          <\/ul>\n        <\/div>\n      <\/div>\n    <\/div>\n  <\/div>\n<\/div>\n\n\n<div class=\" wp-block-partnership-card\">\n  <div class=\"mb-16\">\n    <div class=\"bg-gray p-8\">\n      <div class=\"flex justify-between\">\n        <h2 class=\"mt-0 mb-4\">MEDVALLEE<\/h2>\n      <\/div>\n      <div class=\"flex flex-wrap\">\n                  <div class=\"w-1\/4\">\n            <img loading=\"lazy\" decoding=\"async\" width=\"284\" height=\"101\" src=\"https:\/\/montpellier-cancer.com\/wp-content\/uploads\/logo-MedVallee.png\" class=\"w-32 md:w-full h-auto\" alt=\"\" \/>\n          <\/div>\n                <div class=\" w-3\/4 px-8 \">\n          <div class=\"prose max-w-none\">\n            <p style=\"text-align: justify;\">MEDVALLEE Montpellier is a strategic ambition to promote Montpellier as a world-class global health innovation ecosystem. &#8220;Feed, Protect, Care&#8221; are the major challenges of tomorrow and the motto of MEDVALL\u00c9E.<\/p>\n<p style=\"text-align: justify;\">With MEDVALLEE, all the economic, academic, and research stakeholders working at the crossroads of our metropolitan territory\u2019s three excellence sectors are united within a powerful and highly visible community. Economic vitality, research attractiveness, and academic strength are the fertile foundations for MEDVALLEE&#8217;s strategy, which creates added value and jobs for the greater Montpellier area.<\/p>\n\n          <\/div>\n\n                      <div class=\"not-prose flex gap-6 flex-wrap\">\n                            <a href=\"https:\/\/www.medvallee.fr\/fr\" target=\"_blank\" class=\"mt-4 md:mt-8 transition inline-flex gap-2 ease bg-blue-medium text-white rounded-md px-3 md:px-4 py-2 md:py-1.5 items-center hover:bg-blue-light hover:text-white\">\n                  <span>Web site MedVall\u00e9e<\/span>\n                                      <svg xmlns=\"http:\/\/www.w3.org\/2000\/svg\" fill=\"none\" viewBox=\"0 0 24 24\" stroke-width=\"1.5\" stroke=\"currentColor\" class=\"w-6 h-6\">\n                      <path stroke-linecap=\"round\" stroke-linejoin=\"round\" d=\"M13.5 6H5.25A2.25 2.25 0 003 8.25v10.5A2.25 2.25 0 005.25 21h10.5A2.25 2.25 0 0018 18.75V10.5m-10.5 6L21 3m0 0h-5.25M21 3v5.25\" \/>\n                    <\/svg>\n                                  <\/a>\n                                        <\/div>\n\n          <\/ul>\n        <\/div>\n      <\/div>\n    <\/div>\n  <\/div>\n<\/div>\n\n\n<div class=\" wp-block-partnership-card\">\n  <div class=\"mb-16\">\n    <div class=\"bg-gray p-8\">\n      <div class=\"flex justify-between\">\n        <h2 class=\"mt-0 mb-4\">Cancerop\u00f4le Grand Sud-Ouest<\/h2>\n      <\/div>\n      <div class=\"flex flex-wrap\">\n                  <div class=\"w-1\/4\">\n            <img loading=\"lazy\" decoding=\"async\" width=\"750\" height=\"245\" src=\"https:\/\/montpellier-cancer.com\/wp-content\/uploads\/Canceropole_GSO_logo1-e1708941702743.jpg\" class=\"w-32 md:w-full h-auto\" alt=\"\" \/>\n          <\/div>\n                <div class=\" w-3\/4 px-8 \">\n          <div class=\"prose max-w-none\">\n            <p style=\"text-align: justify;\">The Canc\u00e9rop\u00f4le Grand Sud-Ouest (GSO) is one of seven Canc\u00e9rop\u00f4les accredited by the National Cancer Institute (INCa) as part of the Cancer Plans. With an inter-regional and multi-disciplinary approach, it brings together nearly 500 teams of researchers and clinicians, mobilised against cancer throughout the regions of Nouvelle-Aquitaine and Occitanie. The Cancerop\u00f4le shares expertise and know-how in order to create and strengthen research projects, and to accelerate the transfer of therapeutic innovation for the benefit of patients.<\/p>\n\n          <\/div>\n\n                      <div class=\"not-prose flex gap-6 flex-wrap\">\n                            <a href=\"http:\/\/www.canceropole-gso.org\/\" target=\"_blank\" class=\"mt-4 md:mt-8 transition inline-flex gap-2 ease bg-blue-medium text-white rounded-md px-3 md:px-4 py-2 md:py-1.5 items-center hover:bg-blue-light hover:text-white\">\n                  <span>Web site Canc\u00e9rop\u00f4le GSO<\/span>\n                                      <svg xmlns=\"http:\/\/www.w3.org\/2000\/svg\" fill=\"none\" viewBox=\"0 0 24 24\" stroke-width=\"1.5\" stroke=\"currentColor\" class=\"w-6 h-6\">\n                      <path stroke-linecap=\"round\" stroke-linejoin=\"round\" d=\"M13.5 6H5.25A2.25 2.25 0 003 8.25v10.5A2.25 2.25 0 005.25 21h10.5A2.25 2.25 0 0018 18.75V10.5m-10.5 6L21 3m0 0h-5.25M21 3v5.25\" \/>\n                    <\/svg>\n                                  <\/a>\n                                        <\/div>\n\n          <\/ul>\n        <\/div>\n      <\/div>\n    <\/div>\n  <\/div>\n<\/div>\n\n\n<div class=\" wp-block-partnership-card\">\n  <div class=\"mb-16\">\n    <div class=\"bg-gray p-8\">\n      <div class=\"flex justify-between\">\n        <h2 class=\"mt-0 mb-4\">Onco-Occitanie network <\/h2>\n      <\/div>\n      <div class=\"flex flex-wrap\">\n                  <div class=\"w-1\/4\">\n            <img loading=\"lazy\" decoding=\"async\" width=\"320\" height=\"160\" src=\"https:\/\/montpellier-cancer.com\/wp-content\/uploads\/logo-Onco-Occitanie2.png\" class=\"w-32 md:w-full h-auto\" alt=\"\" srcset=\"https:\/\/montpellier-cancer.com\/wp-content\/uploads\/logo-Onco-Occitanie2.png 320w, https:\/\/montpellier-cancer.com\/wp-content\/uploads\/logo-Onco-Occitanie2-300x150.png 300w\" sizes=\"(max-width: 320px) 100vw, 320px\" \/>\n          <\/div>\n                <div class=\" w-3\/4 px-8 \">\n          <div class=\"prose max-w-none\">\n            <p style=\"text-align: justify;\">The aim of the Onco-Occitanie network is to support, federate and coordinate the actors involved in cancer care in the Occitanie region in order to improve practices and the care pathway for patients.<\/p>\n<p style=\"text-align: justify;\">As part of the territorial reform adopted in 2015, which gave rise to the Occitanie region, the OncoLR and Oncomip regional cancer networks merged to form the Onco-Occitanie regional cancer network for the Occitanie region.<\/p>\n<p style=\"text-align: justify;\">The aim of the Onco-Occitanie network is to gradually harmonise the actions initiated by the two former networks in their respective regions, while respecting the specific characteristics of each, in line with the association&#8217;s project set up as part of the merger.<\/p>\n\n          <\/div>\n\n                      <div class=\"not-prose flex gap-6 flex-wrap\">\n                            <a href=\"https:\/\/onco-occitanie.fr\/\" target=\"_blank\" class=\"mt-4 md:mt-8 transition inline-flex gap-2 ease bg-blue-medium text-white rounded-md px-3 md:px-4 py-2 md:py-1.5 items-center hover:bg-blue-light hover:text-white\">\n                  <span>Web site r\u00e9seau ONCO-OCCITANIE<\/span>\n                                      <svg xmlns=\"http:\/\/www.w3.org\/2000\/svg\" fill=\"none\" viewBox=\"0 0 24 24\" stroke-width=\"1.5\" stroke=\"currentColor\" class=\"w-6 h-6\">\n                      <path stroke-linecap=\"round\" stroke-linejoin=\"round\" d=\"M13.5 6H5.25A2.25 2.25 0 003 8.25v10.5A2.25 2.25 0 005.25 21h10.5A2.25 2.25 0 0018 18.75V10.5m-10.5 6L21 3m0 0h-5.25M21 3v5.25\" \/>\n                    <\/svg>\n                                  <\/a>\n                                        <\/div>\n\n          <\/ul>\n        <\/div>\n      <\/div>\n    <\/div>\n  <\/div>\n<\/div>\n\n\n<div class=\" wp-block-partnership-card\">\n  <div class=\"mb-16\">\n    <div class=\"bg-gray p-8\">\n      <div class=\"flex justify-between\">\n        <h2 class=\"mt-0 mb-4\">EUROBIOMED<\/h2>\n      <\/div>\n      <div class=\"flex flex-wrap\">\n                  <div class=\"w-1\/4\">\n            <img loading=\"lazy\" decoding=\"async\" width=\"227\" height=\"89\" src=\"https:\/\/montpellier-cancer.com\/wp-content\/uploads\/logo-Eurobiomed.png\" class=\"w-32 md:w-full h-auto\" alt=\"\" \/>\n          <\/div>\n                <div class=\" w-3\/4 px-8 \">\n          <div class=\"prose max-w-none\">\n            <p style=\"text-align: justify;\">Eurobiomed is the Competitive Cluster for Healthtech in the South of France. Created in 2009 by all the health sector stakeholders in the Sud Provence-Alpes-C\u00f4te D\u2019Azur and Occitanie regions, Eurobiomed represents an ecosystem of more than 400 industrial players, major groups, SMEs, startups, research laboratories and universities. They have come together to develop and market innovative products and services, generate growth and jobs in high-growth markets.<\/p>\n\n          <\/div>\n\n                      <div class=\"not-prose flex gap-6 flex-wrap\">\n                            <a href=\"https:\/\/www.eurobiomed.org\/fr\/\" target=\"_blank\" class=\"mt-4 md:mt-8 transition inline-flex gap-2 ease bg-blue-medium text-white rounded-md px-3 md:px-4 py-2 md:py-1.5 items-center hover:bg-blue-light hover:text-white\">\n                  <span>Web site EUROBIOMED<\/span>\n                                      <svg xmlns=\"http:\/\/www.w3.org\/2000\/svg\" fill=\"none\" viewBox=\"0 0 24 24\" stroke-width=\"1.5\" stroke=\"currentColor\" class=\"w-6 h-6\">\n                      <path stroke-linecap=\"round\" stroke-linejoin=\"round\" d=\"M13.5 6H5.25A2.25 2.25 0 003 8.25v10.5A2.25 2.25 0 005.25 21h10.5A2.25 2.25 0 0018 18.75V10.5m-10.5 6L21 3m0 0h-5.25M21 3v5.25\" \/>\n                    <\/svg>\n                                  <\/a>\n                                        <\/div>\n\n          <\/ul>\n        <\/div>\n      <\/div>\n    <\/div>\n  <\/div>\n<\/div>\n","protected":false},"excerpt":{"rendered":"","protected":false},"author":1,"featured_media":0,"parent":545,"menu_order":40,"comment_status":"closed","ping_status":"closed","template":"","meta":{"inline_featured_image":false,"footnotes":""},"acf":[],"yoast_head":"<!-- This site is optimized with the Yoast SEO plugin v21.8 - https:\/\/yoast.com\/wordpress\/plugins\/seo\/ -->\n<title>Partnerships - SIRIC<\/title>\n<meta name=\"robots\" content=\"index, follow, max-snippet:-1, max-image-preview:large, max-video-preview:-1\" \/>\n<link rel=\"canonical\" href=\"https:\/\/montpellier-cancer.com\/en\/le-siric\/partenaires\/\" \/>\n<meta property=\"og:locale\" content=\"en_US\" \/>\n<meta property=\"og:type\" content=\"article\" \/>\n<meta property=\"og:title\" content=\"Partnerships - SIRIC\" \/>\n<meta property=\"og:url\" content=\"https:\/\/montpellier-cancer.com\/en\/le-siric\/partenaires\/\" \/>\n<meta property=\"og:site_name\" content=\"SIRIC\" \/>\n<meta property=\"article:modified_time\" content=\"2023-11-23T16:49:41+00:00\" \/>\n<script type=\"application\/ld+json\" class=\"yoast-schema-graph\">{\"@context\":\"https:\/\/schema.org\",\"@graph\":[{\"@type\":\"WebPage\",\"@id\":\"https:\/\/montpellier-cancer.com\/en\/le-siric\/partenaires\/\",\"url\":\"https:\/\/montpellier-cancer.com\/en\/le-siric\/partenaires\/\",\"name\":\"Partnerships - SIRIC\",\"isPartOf\":{\"@id\":\"https:\/\/montpellier-cancer.com\/#website\"},\"datePublished\":\"2013-07-04T13:51:37+00:00\",\"dateModified\":\"2023-11-23T16:49:41+00:00\",\"breadcrumb\":{\"@id\":\"https:\/\/montpellier-cancer.com\/en\/le-siric\/partenaires\/#breadcrumb\"},\"inLanguage\":\"en-US\",\"potentialAction\":[{\"@type\":\"ReadAction\",\"target\":[\"https:\/\/montpellier-cancer.com\/en\/le-siric\/partenaires\/\"]}]},{\"@type\":\"BreadcrumbList\",\"@id\":\"https:\/\/montpellier-cancer.com\/en\/le-siric\/partenaires\/#breadcrumb\",\"itemListElement\":[{\"@type\":\"ListItem\",\"position\":1,\"name\":\"Home\",\"item\":\"https:\/\/montpellier-cancer.com\/en\/home\/\"},{\"@type\":\"ListItem\",\"position\":2,\"name\":\"SIRIC\",\"item\":\"https:\/\/montpellier-cancer.com\/en\/le-siric\/\"},{\"@type\":\"ListItem\",\"position\":3,\"name\":\"Partnerships\"}]},{\"@type\":\"WebSite\",\"@id\":\"https:\/\/montpellier-cancer.com\/#website\",\"url\":\"https:\/\/montpellier-cancer.com\/\",\"name\":\"SIRIC\",\"description\":\"\",\"publisher\":{\"@id\":\"https:\/\/montpellier-cancer.com\/#organization\"},\"potentialAction\":[{\"@type\":\"SearchAction\",\"target\":{\"@type\":\"EntryPoint\",\"urlTemplate\":\"https:\/\/montpellier-cancer.com\/?s={search_term_string}\"},\"query-input\":\"required name=search_term_string\"}],\"inLanguage\":\"en-US\"},{\"@type\":\"Organization\",\"@id\":\"https:\/\/montpellier-cancer.com\/#organization\",\"name\":\"SIRIC\",\"url\":\"https:\/\/montpellier-cancer.com\/\",\"logo\":{\"@type\":\"ImageObject\",\"inLanguage\":\"en-US\",\"@id\":\"https:\/\/montpellier-cancer.com\/#\/schema\/logo\/image\/\",\"url\":\"https:\/\/montpellier-cancer.com\/wp-content\/uploads\/cropped-SIRIC-montpellier-cancer-logotype-2023-FOND-TRANSPARENT.png\",\"contentUrl\":\"https:\/\/montpellier-cancer.com\/wp-content\/uploads\/cropped-SIRIC-montpellier-cancer-logotype-2023-FOND-TRANSPARENT.png\",\"width\":946,\"height\":970,\"caption\":\"SIRIC\"},\"image\":{\"@id\":\"https:\/\/montpellier-cancer.com\/#\/schema\/logo\/image\/\"}}]}<\/script>\n<!-- \/ Yoast SEO plugin. -->","yoast_head_json":{"title":"Partnerships - SIRIC","robots":{"index":"index","follow":"follow","max-snippet":"max-snippet:-1","max-image-preview":"max-image-preview:large","max-video-preview":"max-video-preview:-1"},"canonical":"https:\/\/montpellier-cancer.com\/en\/le-siric\/partenaires\/","og_locale":"en_US","og_type":"article","og_title":"Partnerships - SIRIC","og_url":"https:\/\/montpellier-cancer.com\/en\/le-siric\/partenaires\/","og_site_name":"SIRIC","article_modified_time":"2023-11-23T16:49:41+00:00","schema":{"@context":"https:\/\/schema.org","@graph":[{"@type":"WebPage","@id":"https:\/\/montpellier-cancer.com\/en\/le-siric\/partenaires\/","url":"https:\/\/montpellier-cancer.com\/en\/le-siric\/partenaires\/","name":"Partnerships - SIRIC","isPartOf":{"@id":"https:\/\/montpellier-cancer.com\/#website"},"datePublished":"2013-07-04T13:51:37+00:00","dateModified":"2023-11-23T16:49:41+00:00","breadcrumb":{"@id":"https:\/\/montpellier-cancer.com\/en\/le-siric\/partenaires\/#breadcrumb"},"inLanguage":"en-US","potentialAction":[{"@type":"ReadAction","target":["https:\/\/montpellier-cancer.com\/en\/le-siric\/partenaires\/"]}]},{"@type":"BreadcrumbList","@id":"https:\/\/montpellier-cancer.com\/en\/le-siric\/partenaires\/#breadcrumb","itemListElement":[{"@type":"ListItem","position":1,"name":"Home","item":"https:\/\/montpellier-cancer.com\/en\/home\/"},{"@type":"ListItem","position":2,"name":"SIRIC","item":"https:\/\/montpellier-cancer.com\/en\/le-siric\/"},{"@type":"ListItem","position":3,"name":"Partnerships"}]},{"@type":"WebSite","@id":"https:\/\/montpellier-cancer.com\/#website","url":"https:\/\/montpellier-cancer.com\/","name":"SIRIC","description":"","publisher":{"@id":"https:\/\/montpellier-cancer.com\/#organization"},"potentialAction":[{"@type":"SearchAction","target":{"@type":"EntryPoint","urlTemplate":"https:\/\/montpellier-cancer.com\/?s={search_term_string}"},"query-input":"required name=search_term_string"}],"inLanguage":"en-US"},{"@type":"Organization","@id":"https:\/\/montpellier-cancer.com\/#organization","name":"SIRIC","url":"https:\/\/montpellier-cancer.com\/","logo":{"@type":"ImageObject","inLanguage":"en-US","@id":"https:\/\/montpellier-cancer.com\/#\/schema\/logo\/image\/","url":"https:\/\/montpellier-cancer.com\/wp-content\/uploads\/cropped-SIRIC-montpellier-cancer-logotype-2023-FOND-TRANSPARENT.png","contentUrl":"https:\/\/montpellier-cancer.com\/wp-content\/uploads\/cropped-SIRIC-montpellier-cancer-logotype-2023-FOND-TRANSPARENT.png","width":946,"height":970,"caption":"SIRIC"},"image":{"@id":"https:\/\/montpellier-cancer.com\/#\/schema\/logo\/image\/"}}]}},"_links":{"self":[{"href":"https:\/\/montpellier-cancer.com\/en\/wp-json\/wp\/v2\/pages\/478"}],"collection":[{"href":"https:\/\/montpellier-cancer.com\/en\/wp-json\/wp\/v2\/pages"}],"about":[{"href":"https:\/\/montpellier-cancer.com\/en\/wp-json\/wp\/v2\/types\/page"}],"author":[{"embeddable":true,"href":"https:\/\/montpellier-cancer.com\/en\/wp-json\/wp\/v2\/users\/1"}],"replies":[{"embeddable":true,"href":"https:\/\/montpellier-cancer.com\/en\/wp-json\/wp\/v2\/comments?post=478"}],"version-history":[{"count":15,"href":"https:\/\/montpellier-cancer.com\/en\/wp-json\/wp\/v2\/pages\/478\/revisions"}],"predecessor-version":[{"id":18355,"href":"https:\/\/montpellier-cancer.com\/en\/wp-json\/wp\/v2\/pages\/478\/revisions\/18355"}],"up":[{"embeddable":true,"href":"https:\/\/montpellier-cancer.com\/en\/wp-json\/wp\/v2\/pages\/545"}],"wp:attachment":[{"href":"https:\/\/montpellier-cancer.com\/en\/wp-json\/wp\/v2\/media?parent=478"}],"curies":[{"name":"wp","href":"https:\/\/api.w.org\/{rel}","templated":true}]}}