{"id":11304,"date":"2020-05-05T15:37:22","date_gmt":"2020-05-05T14:37:22","guid":{"rendered":"https:\/\/montpellier-cancer.com\/?page_id=11304"},"modified":"2023-11-23T17:54:16","modified_gmt":"2023-11-23T16:54:16","slug":"montpellier-organoid-platform-pom","status":"publish","type":"page","link":"https:\/\/montpellier-cancer.com\/en\/recherche\/plateformes-en-cancerologie\/montpellier-organoid-platform-pom\/","title":{"rendered":"Montpellier Organoids Platform &#8211; POM"},"content":{"rendered":"<div class=\"wp-block-rte  mb-4 md:mb-8  bg-white p-3 md:p-6\">\n                        <div class=\"flex flex-col md:flex-row flex-wrap gap-2 md:gap-3 lg:gap-8\">\n          <div class=\"w-full\">\n            <div class=\"max-w-none prose \"><p style=\"text-align: justify;\">Launched in 2020, the organo\u00efds shared resources facility is dedicated to 3D cell cultures (sphero\u00efds, organo\u00efds, tumoro\u00efds and organs-on-a-chip). These multicellular models are derived from pluripotent stem cells (of animal &#8211; incl. human &#8211; or plant origin), that differentiate into different cell types which autoorganize.<\/p>\n<p style=\"text-align: justify;\">A satellite platform specifically dedicated to cancer models was created in 2022 thanks to financial support from the Canceropole (GSO) and SIRIC Montpellier Cancer. This &#8220;organoids and cancer&#8221; platform is located at IRCM.<\/p>\n<\/div>\n          <\/div>\n        <\/div>\n          <\/div>\n\n\n<div class=\" wp-block-partnership-card\">\n  <div class=\"mb-16\">\n    <div class=\"bg-gray p-8\">\n      <div class=\"flex justify-between\">\n        <h2 class=\"mt-0 mb-4\">Contact<\/h2>\n      <\/div>\n      <div class=\"flex flex-wrap\">\n                <div class=\" w-full \">\n          <div class=\"prose max-w-none\">\n            \n          <\/div>\n\n                    <ul class=\"flex flex-col mt-4 md:mt-8 gap-2\">\n              <li class=\"flex flex-wrap gap-2\">\n                <svg xmlns=\"http:\/\/www.w3.org\/2000\/svg\" fill=\"none\" viewBox=\"0 0 24 24\" stroke-width=\"1.5\" stroke=\"currentColor\" class=\"w-6 h-6 text-gray-900\/50\">\n                  <path stroke-linecap=\"round\" stroke-linejoin=\"round\" d=\"M15.75 6a3.75 3.75 0 11-7.5 0 3.75 3.75 0 017.5 0zM4.501 20.118a7.5 7.5 0 0114.998 0A17.933 17.933 0 0112 21.75c-2.676 0-5.216-.584-7.499-1.632z\" \/>\n                <\/svg>\n                <span class=\"font-bold text-gray-600\">Laetitia Linares<\/span>\n                 <span class=\"\">Scientific Manager<\/span>                  <a class=\"text-blue-medium hover:underline\"  href=\"mailto:laetitia.linares@icm.unicancer.fr\">laetitia.linares@icm.unicancer.fr<\/a>               <\/li>\n                        <\/ul>\n                        <div class=\"not-prose flex gap-6 flex-wrap\">\n                            <a href=\"https:\/\/www.biocampus.cnrs.fr\/index.php\/fr\/plateforme-biocampus\/plateformes-technologiques\/473-pom\" target=\"_blank\" class=\"mt-4 md:mt-8 transition inline-flex gap-2 ease bg-blue-medium text-white rounded-md px-3 md:px-4 py-2 md:py-1.5 items-center hover:bg-blue-light hover:text-white\">\n                  <span>For more information<\/span>\n                                      <svg xmlns=\"http:\/\/www.w3.org\/2000\/svg\" fill=\"none\" viewBox=\"0 0 24 24\" stroke-width=\"1.5\" stroke=\"currentColor\" class=\"w-6 h-6\">\n                      <path stroke-linecap=\"round\" stroke-linejoin=\"round\" d=\"M13.5 6H5.25A2.25 2.25 0 003 8.25v10.5A2.25 2.25 0 005.25 21h10.5A2.25 2.25 0 0018 18.75V10.5m-10.5 6L21 3m0 0h-5.25M21 3v5.25\" \/>\n                    <\/svg>\n                                  <\/a>\n                                        <\/div>\n\n          <\/ul>\n        <\/div>\n      <\/div>\n    <\/div>\n  <\/div>\n<\/div>\n","protected":false},"excerpt":{"rendered":"","protected":false},"author":102,"featured_media":14823,"parent":11293,"menu_order":30,"comment_status":"closed","ping_status":"closed","template":"","meta":{"inline_featured_image":false,"footnotes":""},"acf":[],"yoast_head":"<!-- This site is optimized with the Yoast SEO plugin v21.8 - https:\/\/yoast.com\/wordpress\/plugins\/seo\/ -->\n<title>Montpellier Organoids Platform - POM - SIRIC<\/title>\n<meta name=\"robots\" content=\"index, follow, max-snippet:-1, max-image-preview:large, max-video-preview:-1\" \/>\n<link rel=\"canonical\" href=\"https:\/\/montpellier-cancer.com\/en\/recherche\/plateformes-en-cancerologie\/montpellier-organoid-platform-pom\/\" \/>\n<meta property=\"og:locale\" content=\"en_US\" \/>\n<meta property=\"og:type\" content=\"article\" \/>\n<meta property=\"og:title\" content=\"Montpellier Organoids Platform - POM - SIRIC\" \/>\n<meta property=\"og:url\" content=\"https:\/\/montpellier-cancer.com\/en\/recherche\/plateformes-en-cancerologie\/montpellier-organoid-platform-pom\/\" \/>\n<meta property=\"og:site_name\" content=\"SIRIC\" \/>\n<meta property=\"article:modified_time\" content=\"2023-11-23T16:54:16+00:00\" \/>\n<meta property=\"og:image\" content=\"https:\/\/montpellier-cancer.com\/wp-content\/uploads\/Logo_POM_final-01.png\" \/>\n\t<meta property=\"og:image:width\" content=\"768\" \/>\n\t<meta property=\"og:image:height\" content=\"173\" \/>\n\t<meta property=\"og:image:type\" content=\"image\/png\" \/>\n<script type=\"application\/ld+json\" class=\"yoast-schema-graph\">{\"@context\":\"https:\/\/schema.org\",\"@graph\":[{\"@type\":\"WebPage\",\"@id\":\"https:\/\/montpellier-cancer.com\/en\/recherche\/plateformes-en-cancerologie\/montpellier-organoid-platform-pom\/\",\"url\":\"https:\/\/montpellier-cancer.com\/en\/recherche\/plateformes-en-cancerologie\/montpellier-organoid-platform-pom\/\",\"name\":\"Montpellier Organoids Platform - POM - SIRIC\",\"isPartOf\":{\"@id\":\"https:\/\/montpellier-cancer.com\/#website\"},\"datePublished\":\"2020-05-05T14:37:22+00:00\",\"dateModified\":\"2023-11-23T16:54:16+00:00\",\"breadcrumb\":{\"@id\":\"https:\/\/montpellier-cancer.com\/en\/recherche\/plateformes-en-cancerologie\/montpellier-organoid-platform-pom\/#breadcrumb\"},\"inLanguage\":\"en-US\",\"potentialAction\":[{\"@type\":\"ReadAction\",\"target\":[\"https:\/\/montpellier-cancer.com\/en\/recherche\/plateformes-en-cancerologie\/montpellier-organoid-platform-pom\/\"]}]},{\"@type\":\"BreadcrumbList\",\"@id\":\"https:\/\/montpellier-cancer.com\/en\/recherche\/plateformes-en-cancerologie\/montpellier-organoid-platform-pom\/#breadcrumb\",\"itemListElement\":[{\"@type\":\"ListItem\",\"position\":1,\"name\":\"Home\",\"item\":\"https:\/\/montpellier-cancer.com\/en\/home\/\"},{\"@type\":\"ListItem\",\"position\":2,\"name\":\"Research\",\"item\":\"https:\/\/montpellier-cancer.com\/en\/recherche\/\"},{\"@type\":\"ListItem\",\"position\":3,\"name\":\"Cancer research facilities\u00a0\",\"item\":\"https:\/\/montpellier-cancer.com\/en\/recherche\/plateformes-en-cancerologie\/\"},{\"@type\":\"ListItem\",\"position\":4,\"name\":\"Montpellier Organoids Platform &#8211; POM\"}]},{\"@type\":\"WebSite\",\"@id\":\"https:\/\/montpellier-cancer.com\/#website\",\"url\":\"https:\/\/montpellier-cancer.com\/\",\"name\":\"SIRIC\",\"description\":\"\",\"publisher\":{\"@id\":\"https:\/\/montpellier-cancer.com\/#organization\"},\"potentialAction\":[{\"@type\":\"SearchAction\",\"target\":{\"@type\":\"EntryPoint\",\"urlTemplate\":\"https:\/\/montpellier-cancer.com\/?s={search_term_string}\"},\"query-input\":\"required name=search_term_string\"}],\"inLanguage\":\"en-US\"},{\"@type\":\"Organization\",\"@id\":\"https:\/\/montpellier-cancer.com\/#organization\",\"name\":\"SIRIC\",\"url\":\"https:\/\/montpellier-cancer.com\/\",\"logo\":{\"@type\":\"ImageObject\",\"inLanguage\":\"en-US\",\"@id\":\"https:\/\/montpellier-cancer.com\/#\/schema\/logo\/image\/\",\"url\":\"https:\/\/montpellier-cancer.com\/wp-content\/uploads\/cropped-SIRIC-montpellier-cancer-logotype-2023-FOND-TRANSPARENT.png\",\"contentUrl\":\"https:\/\/montpellier-cancer.com\/wp-content\/uploads\/cropped-SIRIC-montpellier-cancer-logotype-2023-FOND-TRANSPARENT.png\",\"width\":946,\"height\":970,\"caption\":\"SIRIC\"},\"image\":{\"@id\":\"https:\/\/montpellier-cancer.com\/#\/schema\/logo\/image\/\"}}]}<\/script>\n<!-- \/ Yoast SEO plugin. -->","yoast_head_json":{"title":"Montpellier Organoids Platform - POM - SIRIC","robots":{"index":"index","follow":"follow","max-snippet":"max-snippet:-1","max-image-preview":"max-image-preview:large","max-video-preview":"max-video-preview:-1"},"canonical":"https:\/\/montpellier-cancer.com\/en\/recherche\/plateformes-en-cancerologie\/montpellier-organoid-platform-pom\/","og_locale":"en_US","og_type":"article","og_title":"Montpellier Organoids Platform - POM - SIRIC","og_url":"https:\/\/montpellier-cancer.com\/en\/recherche\/plateformes-en-cancerologie\/montpellier-organoid-platform-pom\/","og_site_name":"SIRIC","article_modified_time":"2023-11-23T16:54:16+00:00","og_image":[{"width":768,"height":173,"url":"https:\/\/montpellier-cancer.com\/wp-content\/uploads\/Logo_POM_final-01.png","type":"image\/png"}],"schema":{"@context":"https:\/\/schema.org","@graph":[{"@type":"WebPage","@id":"https:\/\/montpellier-cancer.com\/en\/recherche\/plateformes-en-cancerologie\/montpellier-organoid-platform-pom\/","url":"https:\/\/montpellier-cancer.com\/en\/recherche\/plateformes-en-cancerologie\/montpellier-organoid-platform-pom\/","name":"Montpellier Organoids Platform - POM - SIRIC","isPartOf":{"@id":"https:\/\/montpellier-cancer.com\/#website"},"datePublished":"2020-05-05T14:37:22+00:00","dateModified":"2023-11-23T16:54:16+00:00","breadcrumb":{"@id":"https:\/\/montpellier-cancer.com\/en\/recherche\/plateformes-en-cancerologie\/montpellier-organoid-platform-pom\/#breadcrumb"},"inLanguage":"en-US","potentialAction":[{"@type":"ReadAction","target":["https:\/\/montpellier-cancer.com\/en\/recherche\/plateformes-en-cancerologie\/montpellier-organoid-platform-pom\/"]}]},{"@type":"BreadcrumbList","@id":"https:\/\/montpellier-cancer.com\/en\/recherche\/plateformes-en-cancerologie\/montpellier-organoid-platform-pom\/#breadcrumb","itemListElement":[{"@type":"ListItem","position":1,"name":"Home","item":"https:\/\/montpellier-cancer.com\/en\/home\/"},{"@type":"ListItem","position":2,"name":"Research","item":"https:\/\/montpellier-cancer.com\/en\/recherche\/"},{"@type":"ListItem","position":3,"name":"Cancer research facilities\u00a0","item":"https:\/\/montpellier-cancer.com\/en\/recherche\/plateformes-en-cancerologie\/"},{"@type":"ListItem","position":4,"name":"Montpellier Organoids Platform &#8211; POM"}]},{"@type":"WebSite","@id":"https:\/\/montpellier-cancer.com\/#website","url":"https:\/\/montpellier-cancer.com\/","name":"SIRIC","description":"","publisher":{"@id":"https:\/\/montpellier-cancer.com\/#organization"},"potentialAction":[{"@type":"SearchAction","target":{"@type":"EntryPoint","urlTemplate":"https:\/\/montpellier-cancer.com\/?s={search_term_string}"},"query-input":"required name=search_term_string"}],"inLanguage":"en-US"},{"@type":"Organization","@id":"https:\/\/montpellier-cancer.com\/#organization","name":"SIRIC","url":"https:\/\/montpellier-cancer.com\/","logo":{"@type":"ImageObject","inLanguage":"en-US","@id":"https:\/\/montpellier-cancer.com\/#\/schema\/logo\/image\/","url":"https:\/\/montpellier-cancer.com\/wp-content\/uploads\/cropped-SIRIC-montpellier-cancer-logotype-2023-FOND-TRANSPARENT.png","contentUrl":"https:\/\/montpellier-cancer.com\/wp-content\/uploads\/cropped-SIRIC-montpellier-cancer-logotype-2023-FOND-TRANSPARENT.png","width":946,"height":970,"caption":"SIRIC"},"image":{"@id":"https:\/\/montpellier-cancer.com\/#\/schema\/logo\/image\/"}}]}},"_links":{"self":[{"href":"https:\/\/montpellier-cancer.com\/en\/wp-json\/wp\/v2\/pages\/11304"}],"collection":[{"href":"https:\/\/montpellier-cancer.com\/en\/wp-json\/wp\/v2\/pages"}],"about":[{"href":"https:\/\/montpellier-cancer.com\/en\/wp-json\/wp\/v2\/types\/page"}],"author":[{"embeddable":true,"href":"https:\/\/montpellier-cancer.com\/en\/wp-json\/wp\/v2\/users\/102"}],"replies":[{"embeddable":true,"href":"https:\/\/montpellier-cancer.com\/en\/wp-json\/wp\/v2\/comments?post=11304"}],"version-history":[{"count":6,"href":"https:\/\/montpellier-cancer.com\/en\/wp-json\/wp\/v2\/pages\/11304\/revisions"}],"predecessor-version":[{"id":18372,"href":"https:\/\/montpellier-cancer.com\/en\/wp-json\/wp\/v2\/pages\/11304\/revisions\/18372"}],"up":[{"embeddable":true,"href":"https:\/\/montpellier-cancer.com\/en\/wp-json\/wp\/v2\/pages\/11293"}],"wp:featuredmedia":[{"embeddable":true,"href":"https:\/\/montpellier-cancer.com\/en\/wp-json\/wp\/v2\/media\/14823"}],"wp:attachment":[{"href":"https:\/\/montpellier-cancer.com\/en\/wp-json\/wp\/v2\/media?parent=11304"}],"curies":[{"name":"wp","href":"https:\/\/api.w.org\/{rel}","templated":true}]}}